{"id":2,"date":"2023-12-20T12:05:36","date_gmt":"2023-12-20T11:05:36","guid":{"rendered":"https:\/\/www.gahlinstiftelsen.se\/?page_id=2"},"modified":"2025-01-08T17:19:25","modified_gmt":"2025-01-08T16:19:25","slug":"startsida","status":"publish","type":"page","link":"https:\/\/www.gahlinstiftelsen.se\/","title":{"rendered":"Torvald och Britta Gahlins stiftelse"},"content":{"rendered":"\n<h2 class=\"wp-block-heading\">\u00c4ndam\u00e5l<\/h2>\n\n\n\n<p class=\"has-medium-font-size\">Stiftelsens \u00e4ndam\u00e5l \u00e4r att i f\u00f6rsta hand fr\u00e4mja vetenskaplig forskning mot pl\u00e5gsamma djurf\u00f6rs\u00f6k och i andra hand st\u00f6dja forskning kring v\u00e5r milj\u00f6 och faktorer, som kan ut\u00f6va skadlig inverkan p\u00e5 denna, allt j\u00e4mte d\u00e4rmed f\u00f6renlig verksamhet. <\/p>\n\n\n\n<hr class=\"wp-block-separator has-alpha-channel-opacity\"\/>\n\n\n\n<h2 class=\"wp-block-heading\">Till dig som s\u00f6ker anslag<\/h2>\n\n\n\n<p class=\"has-medium-font-size\">Ans\u00f6kningstid \u00e4r 15 januari &#8211; 31 mars. F\u00f6ljande information skall framg\u00e5 av ans\u00f6kan:<\/p>\n\n\n\n<ul>\n<li class=\"has-medium-font-size\">Projekttitel<\/li>\n\n\n\n<li class=\"has-medium-font-size\">S\u00f6kande (tj\u00e4nst, titel, institution\/klinik, kontaktuppgifter)<\/li>\n\n\n\n<li class=\"has-medium-font-size\">Meds\u00f6kande (titel, institution)<\/li>\n\n\n\n<li class=\"has-medium-font-size\">Sammanfattning<\/li>\n\n\n\n<li class=\"has-medium-font-size\">Introduktion med problemformulering<\/li>\n\n\n\n<li class=\"has-medium-font-size\">Syfte<\/li>\n\n\n\n<li class=\"has-medium-font-size\">Material\/metod<\/li>\n\n\n\n<li class=\"has-medium-font-size\">F\u00f6rv\u00e4ntade resultat och dess betydelse<\/li>\n\n\n\n<li class=\"has-medium-font-size\">Max 10 nyckelreferenser<\/li>\n\n\n\n<li class=\"has-medium-font-size\">Budget och angivande av erh\u00e5llna eller s\u00f6kta anslag fr\u00e5n andra anslagsgivare<\/li>\n<\/ul>\n\n\n\n<p class=\"has-medium-font-size\">Ans\u00f6kan skickas i pdf-format per mail till stiftelsesupport.goteborg@seb.se och m\u00e4rks med \u201dAns\u00f6kan Torvald &amp; Britta Gahlins Stiftelse\u201d<\/p>\n\n\n\n<hr class=\"wp-block-separator has-alpha-channel-opacity\"\/>\n\n\n\n<h2 class=\"wp-block-heading\">Styrelse<\/h2>\n\n\n\n<p class=\"has-medium-font-size\"><strong>Ordf\u00f6rande<\/strong><\/p>\n\n\n\n<p class=\"has-medium-font-size\">Christina Backman<\/p>\n\n\n\n<p class=\"has-medium-font-size\"><strong>Ledam\u00f6ter<\/strong><\/p>\n\n\n\n<p class=\"has-medium-font-size\">G\u00f6ran Karlsson<\/p>\n\n\n\n<p class=\"has-medium-font-size\">Therese Edstr\u00f6m<\/p>\n\n\n\n<hr class=\"wp-block-separator has-alpha-channel-opacity\"\/>\n\n\n\n<h2 class=\"wp-block-heading\">Kontakt<\/h2>\n\n\n\n<p class=\"has-medium-font-size\">info@gahlinstiftelsen.se<\/p>\n","protected":false},"excerpt":{"rendered":"<p>\u00c4ndam\u00e5l Stiftelsens \u00e4ndam\u00e5l \u00e4r att i f\u00f6rsta hand fr\u00e4mja vetenskaplig forskning mot pl\u00e5gsamma djurf\u00f6rs\u00f6k och i andra hand st\u00f6dja forskning kring v\u00e5r milj\u00f6 och faktorer, som kan ut\u00f6va skadlig inverkan p\u00e5 denna, allt j\u00e4mte d\u00e4rmed f\u00f6renlig verksamhet. Till dig som s\u00f6ker anslag Ans\u00f6kningstid \u00e4r 15 januari &#8211; 31 mars. F\u00f6ljande information skall framg\u00e5 av ans\u00f6kan: [&hellip;]<\/p>\n","protected":false},"author":1,"featured_media":0,"parent":0,"menu_order":0,"comment_status":"closed","ping_status":"open","template":"","meta":{"footnotes":""},"yoast_head":"<!-- This site is optimized with the Yoast SEO plugin v21.7 - https:\/\/yoast.com\/wordpress\/plugins\/seo\/ -->\n<title>Torvald och Britta Gahlins stiftelse<\/title>\n<meta name=\"description\" content=\"Stiftelsens fr\u00e4mjar prim\u00e4rt vetenskaplig forskning mot pl\u00e5gsamma djurf\u00f6rs\u00f6k och i andra hand forskning kring v\u00e5r milj\u00f6 och faktorer, som kan ut\u00f6va skadlig inverkan p\u00e5 denna.\" \/>\n<meta name=\"robots\" content=\"index, follow, max-snippet:-1, max-image-preview:large, max-video-preview:-1\" \/>\n<link rel=\"canonical\" href=\"https:\/\/www.gahlinstiftelsen.se\/\" \/>\n<meta property=\"og:locale\" content=\"sv_SE\" \/>\n<meta property=\"og:type\" content=\"article\" \/>\n<meta property=\"og:title\" content=\"Torvald och Britta Gahlins stiftelse\" \/>\n<meta property=\"og:description\" content=\"Stiftelsens fr\u00e4mjar prim\u00e4rt vetenskaplig forskning mot pl\u00e5gsamma djurf\u00f6rs\u00f6k och i andra hand forskning kring v\u00e5r milj\u00f6 och faktorer, som kan ut\u00f6va skadlig inverkan p\u00e5 denna.\" \/>\n<meta property=\"og:url\" content=\"https:\/\/www.gahlinstiftelsen.se\/\" \/>\n<meta property=\"og:site_name\" content=\"Gahlinstiftelsen\" \/>\n<meta property=\"article:modified_time\" content=\"2025-01-08T16:19:25+00:00\" \/>\n<meta name=\"twitter:card\" content=\"summary_large_image\" \/>\n<meta name=\"twitter:label1\" content=\"Ber\u00e4knad l\u00e4stid\" \/>\n\t<meta name=\"twitter:data1\" content=\"1 minut\" \/>\n<script type=\"application\/ld+json\" class=\"yoast-schema-graph\">{\"@context\":\"https:\/\/schema.org\",\"@graph\":[{\"@type\":\"WebPage\",\"@id\":\"https:\/\/www.gahlinstiftelsen.se\/\",\"url\":\"https:\/\/www.gahlinstiftelsen.se\/\",\"name\":\"Torvald och Britta Gahlins stiftelse\",\"isPartOf\":{\"@id\":\"https:\/\/www.gahlinstiftelsen.se\/#website\"},\"datePublished\":\"2023-12-20T11:05:36+00:00\",\"dateModified\":\"2025-01-08T16:19:25+00:00\",\"description\":\"Stiftelsens fr\u00e4mjar prim\u00e4rt vetenskaplig forskning mot pl\u00e5gsamma djurf\u00f6rs\u00f6k och i andra hand forskning kring v\u00e5r milj\u00f6 och faktorer, som kan ut\u00f6va skadlig inverkan p\u00e5 denna.\",\"breadcrumb\":{\"@id\":\"https:\/\/www.gahlinstiftelsen.se\/#breadcrumb\"},\"inLanguage\":\"sv-SE\",\"potentialAction\":[{\"@type\":\"ReadAction\",\"target\":[\"https:\/\/www.gahlinstiftelsen.se\/\"]}]},{\"@type\":\"BreadcrumbList\",\"@id\":\"https:\/\/www.gahlinstiftelsen.se\/#breadcrumb\",\"itemListElement\":[{\"@type\":\"ListItem\",\"position\":1,\"name\":\"Home\",\"item\":\"https:\/\/www.gahlinstiftelsen.se\/\"},{\"@type\":\"ListItem\",\"position\":2,\"name\":\"Torvald och Britta Gahlins stiftelse\"}]},{\"@type\":\"WebSite\",\"@id\":\"https:\/\/www.gahlinstiftelsen.se\/#website\",\"url\":\"https:\/\/www.gahlinstiftelsen.se\/\",\"name\":\"Torvald och Britta Gahlins stiftelse\",\"description\":\"\",\"publisher\":{\"@id\":\"https:\/\/www.gahlinstiftelsen.se\/#organization\"},\"potentialAction\":[{\"@type\":\"SearchAction\",\"target\":{\"@type\":\"EntryPoint\",\"urlTemplate\":\"https:\/\/www.gahlinstiftelsen.se\/?s={search_term_string}\"},\"query-input\":\"required name=search_term_string\"}],\"inLanguage\":\"sv-SE\"},{\"@type\":\"Organization\",\"@id\":\"https:\/\/www.gahlinstiftelsen.se\/#organization\",\"name\":\"Torvald och Britta Gahlins stiftelse\",\"url\":\"https:\/\/www.gahlinstiftelsen.se\/\",\"logo\":{\"@type\":\"ImageObject\",\"inLanguage\":\"sv-SE\",\"@id\":\"https:\/\/www.gahlinstiftelsen.se\/#\/schema\/logo\/image\/\",\"url\":\"https:\/\/www.gahlinstiftelsen.se\/wp-content\/uploads\/2023\/12\/logo.jpg\",\"contentUrl\":\"https:\/\/www.gahlinstiftelsen.se\/wp-content\/uploads\/2023\/12\/logo.jpg\",\"width\":259,\"height\":259,\"caption\":\"Torvald och Britta Gahlins stiftelse\"},\"image\":{\"@id\":\"https:\/\/www.gahlinstiftelsen.se\/#\/schema\/logo\/image\/\"}}]}<\/script>\n<!-- \/ Yoast SEO plugin. -->","yoast_head_json":{"title":"Torvald och Britta Gahlins stiftelse","description":"Stiftelsens fr\u00e4mjar prim\u00e4rt vetenskaplig forskning mot pl\u00e5gsamma djurf\u00f6rs\u00f6k och i andra hand forskning kring v\u00e5r milj\u00f6 och faktorer, som kan ut\u00f6va skadlig inverkan p\u00e5 denna.","robots":{"index":"index","follow":"follow","max-snippet":"max-snippet:-1","max-image-preview":"max-image-preview:large","max-video-preview":"max-video-preview:-1"},"canonical":"https:\/\/www.gahlinstiftelsen.se\/","og_locale":"sv_SE","og_type":"article","og_title":"Torvald och Britta Gahlins stiftelse","og_description":"Stiftelsens fr\u00e4mjar prim\u00e4rt vetenskaplig forskning mot pl\u00e5gsamma djurf\u00f6rs\u00f6k och i andra hand forskning kring v\u00e5r milj\u00f6 och faktorer, som kan ut\u00f6va skadlig inverkan p\u00e5 denna.","og_url":"https:\/\/www.gahlinstiftelsen.se\/","og_site_name":"Gahlinstiftelsen","article_modified_time":"2025-01-08T16:19:25+00:00","twitter_card":"summary_large_image","twitter_misc":{"Ber\u00e4knad l\u00e4stid":"1 minut"},"schema":{"@context":"https:\/\/schema.org","@graph":[{"@type":"WebPage","@id":"https:\/\/www.gahlinstiftelsen.se\/","url":"https:\/\/www.gahlinstiftelsen.se\/","name":"Torvald och Britta Gahlins stiftelse","isPartOf":{"@id":"https:\/\/www.gahlinstiftelsen.se\/#website"},"datePublished":"2023-12-20T11:05:36+00:00","dateModified":"2025-01-08T16:19:25+00:00","description":"Stiftelsens fr\u00e4mjar prim\u00e4rt vetenskaplig forskning mot pl\u00e5gsamma djurf\u00f6rs\u00f6k och i andra hand forskning kring v\u00e5r milj\u00f6 och faktorer, som kan ut\u00f6va skadlig inverkan p\u00e5 denna.","breadcrumb":{"@id":"https:\/\/www.gahlinstiftelsen.se\/#breadcrumb"},"inLanguage":"sv-SE","potentialAction":[{"@type":"ReadAction","target":["https:\/\/www.gahlinstiftelsen.se\/"]}]},{"@type":"BreadcrumbList","@id":"https:\/\/www.gahlinstiftelsen.se\/#breadcrumb","itemListElement":[{"@type":"ListItem","position":1,"name":"Home","item":"https:\/\/www.gahlinstiftelsen.se\/"},{"@type":"ListItem","position":2,"name":"Torvald och Britta Gahlins stiftelse"}]},{"@type":"WebSite","@id":"https:\/\/www.gahlinstiftelsen.se\/#website","url":"https:\/\/www.gahlinstiftelsen.se\/","name":"Torvald och Britta Gahlins stiftelse","description":"","publisher":{"@id":"https:\/\/www.gahlinstiftelsen.se\/#organization"},"potentialAction":[{"@type":"SearchAction","target":{"@type":"EntryPoint","urlTemplate":"https:\/\/www.gahlinstiftelsen.se\/?s={search_term_string}"},"query-input":"required name=search_term_string"}],"inLanguage":"sv-SE"},{"@type":"Organization","@id":"https:\/\/www.gahlinstiftelsen.se\/#organization","name":"Torvald och Britta Gahlins stiftelse","url":"https:\/\/www.gahlinstiftelsen.se\/","logo":{"@type":"ImageObject","inLanguage":"sv-SE","@id":"https:\/\/www.gahlinstiftelsen.se\/#\/schema\/logo\/image\/","url":"https:\/\/www.gahlinstiftelsen.se\/wp-content\/uploads\/2023\/12\/logo.jpg","contentUrl":"https:\/\/www.gahlinstiftelsen.se\/wp-content\/uploads\/2023\/12\/logo.jpg","width":259,"height":259,"caption":"Torvald och Britta Gahlins stiftelse"},"image":{"@id":"https:\/\/www.gahlinstiftelsen.se\/#\/schema\/logo\/image\/"}}]}},"_links":{"self":[{"href":"https:\/\/www.gahlinstiftelsen.se\/index.php?rest_route=\/wp\/v2\/pages\/2"}],"collection":[{"href":"https:\/\/www.gahlinstiftelsen.se\/index.php?rest_route=\/wp\/v2\/pages"}],"about":[{"href":"https:\/\/www.gahlinstiftelsen.se\/index.php?rest_route=\/wp\/v2\/types\/page"}],"author":[{"embeddable":true,"href":"https:\/\/www.gahlinstiftelsen.se\/index.php?rest_route=\/wp\/v2\/users\/1"}],"replies":[{"embeddable":true,"href":"https:\/\/www.gahlinstiftelsen.se\/index.php?rest_route=%2Fwp%2Fv2%2Fcomments&post=2"}],"version-history":[{"count":5,"href":"https:\/\/www.gahlinstiftelsen.se\/index.php?rest_route=\/wp\/v2\/pages\/2\/revisions"}],"predecessor-version":[{"id":65,"href":"https:\/\/www.gahlinstiftelsen.se\/index.php?rest_route=\/wp\/v2\/pages\/2\/revisions\/65"}],"wp:attachment":[{"href":"https:\/\/www.gahlinstiftelsen.se\/index.php?rest_route=%2Fwp%2Fv2%2Fmedia&parent=2"}],"curies":[{"name":"wp","href":"https:\/\/api.w.org\/{rel}","templated":true}]}}